{"id":3909,"date":"2024-05-28T15:53:56","date_gmt":"2024-05-28T13:53:56","guid":{"rendered":"https:\/\/www.hotelrestaurantlesage.com\/?page_id=3909"},"modified":"2025-08-05T14:36:09","modified_gmt":"2025-08-05T12:36:09","slug":"what-to-do-in-vannes","status":"publish","type":"page","link":"https:\/\/www.hotelrestaurantlesage.com\/en\/tourisme-quoi-faire-dans-le-morbihan-ancien\/que-faire-a-vannes\/","title":{"rendered":"Valves"},"content":{"rendered":"<div data-elementor-type=\"wp-page\" data-elementor-id=\"3909\" class=\"elementor elementor-3909\" data-elementor-post-type=\"page\">\n\t\t\t\t<div class=\"elementor-element elementor-element-5152dd76 e-con-full e-flex e-con e-parent\" data-id=\"5152dd76\" data-element_type=\"container\" id=\"top\" data-settings=\"{&quot;background_background&quot;:&quot;classic&quot;}\">\n\t\t\t\t<div class=\"elementor-element elementor-element-337d6633 elementor-widget elementor-widget-heading\" data-id=\"337d6633\" data-element_type=\"widget\" data-widget_type=\"heading.default\">\n\t\t\t\t<div class=\"elementor-widget-container\">\n\t\t\t\t\t<span class=\"elementor-heading-title elementor-size-default\">Valves<\/span>\t\t\t\t<\/div>\n\t\t\t\t<\/div>\n\t\t\t\t<div class=\"elementor-element elementor-element-3fcae56 elementor-widget elementor-widget-heading\" data-id=\"3fcae56\" data-element_type=\"widget\" data-widget_type=\"heading.default\">\n\t\t\t\t<div class=\"elementor-widget-container\">\n\t\t\t\t\t<h1 class=\"elementor-heading-title elementor-size-default\">What to do in Vannes<\/h1>\t\t\t\t<\/div>\n\t\t\t\t<\/div>\n\t\t\t\t<\/div>\n\t\t<div class=\"elementor-element elementor-element-1a17b6c0 e-con-full e-flex e-con e-parent\" data-id=\"1a17b6c0\" data-element_type=\"container\" id=\"first-content\">\n\t\t<div class=\"elementor-element elementor-element-7aec88e9 e-con-full e-flex e-con e-child\" data-id=\"7aec88e9\" data-element_type=\"container\">\n\t\t\t\t<div class=\"elementor-element elementor-element-17d7a66f elementor-widget elementor-widget-heading\" data-id=\"17d7a66f\" data-element_type=\"widget\" data-widget_type=\"heading.default\">\n\t\t\t\t<div class=\"elementor-widget-container\">\n\t\t\t\t\t<h2 class=\"elementor-heading-title elementor-size-default\">\nVannes, the former capital of the Duchy of Brittany<\/h2>\t\t\t\t<\/div>\n\t\t\t\t<\/div>\n\t\t\t\t<div class=\"elementor-element elementor-element-f65d0eb elementor-widget elementor-widget-text-editor\" data-id=\"f65d0eb\" data-element_type=\"widget\" data-widget_type=\"text-editor.default\">\n\t\t\t\t<div class=\"elementor-widget-container\">\n\t\t\t\t\t\t\t\t\t<p>At the bottom of the Gulf of Morbihan, <strong>the medieval city of Vannes<\/strong>, <strong>Town of Art and History<\/strong>invites you to enjoy a holiday. The town's old quarters are lively and refined. Its historic centre, with its superb timber-framed houses, is the ideal place to stroll or shop.<br \/><br \/><\/p><p>What's on :<strong> the Garenne wash-house<\/strong>one of the city's most emblematic landmarks,<strong> the ramparts<\/strong> offering a panoramic view of the magnificent formal gardens, St Peter's Cathedral, a sacred building for many pilgrims, the St Vincent gateway, built in 1624 to facilitate trade between the port and the historic quarter, the aquarium and its interactive exhibitions, the port which leads into the town centre, a major venue for festivities...<\/p>\t\t\t\t\t\t\t\t<\/div>\n\t\t\t\t<\/div>\n\t\t\t\t<div class=\"elementor-element elementor-element-a6f9b48 elementor-widget-tablet__width-inherit elementor-widget elementor-widget-image\" data-id=\"a6f9b48\" data-element_type=\"widget\" data-widget_type=\"image.default\">\n\t\t\t\t<div class=\"elementor-widget-container\">\n\t\t\t\t\t\t\t\t\t\t\t\t\t\t\t<img fetchpriority=\"high\" decoding=\"async\" width=\"723\" height=\"482\" src=\"https:\/\/www.hotelrestaurantlesage.com\/wp-content\/uploads\/2024\/05\/GettyImages-539002230.jpg\" class=\"attachment-large size-large wp-image-3974\" alt=\"\" srcset=\"https:\/\/www.hotelrestaurantlesage.com\/wp-content\/uploads\/2024\/05\/GettyImages-539002230.jpg 723w, https:\/\/www.hotelrestaurantlesage.com\/wp-content\/uploads\/2024\/05\/GettyImages-539002230-300x200.jpg 300w, https:\/\/www.hotelrestaurantlesage.com\/wp-content\/uploads\/2024\/05\/GettyImages-539002230-18x12.jpg 18w\" sizes=\"(max-width: 723px) 100vw, 723px\" title=\"\">\t\t\t\t\t\t\t\t\t\t\t\t\t\t\t<\/div>\n\t\t\t\t<\/div>\n\t\t\t\t<\/div>\n\t\t<div class=\"elementor-element elementor-element-65eb2804 e-con-full e-flex e-con e-child\" data-id=\"65eb2804\" data-element_type=\"container\">\n\t\t\t\t<div class=\"elementor-element elementor-element-1a75b8ef elementor-widget-tablet__width-inherit elementor-widget elementor-widget-image\" data-id=\"1a75b8ef\" data-element_type=\"widget\" data-widget_type=\"image.default\">\n\t\t\t\t<div class=\"elementor-widget-container\">\n\t\t\t\t\t\t\t\t\t\t\t\t\t\t\t<img decoding=\"async\" width=\"482\" height=\"723\" src=\"https:\/\/www.hotelrestaurantlesage.com\/wp-content\/uploads\/2024\/05\/GettyImages-1255909113.jpg\" class=\"attachment-large size-large wp-image-3976\" alt=\"\" srcset=\"https:\/\/www.hotelrestaurantlesage.com\/wp-content\/uploads\/2024\/05\/GettyImages-1255909113.jpg 482w, https:\/\/www.hotelrestaurantlesage.com\/wp-content\/uploads\/2024\/05\/GettyImages-1255909113-200x300.jpg 200w, https:\/\/www.hotelrestaurantlesage.com\/wp-content\/uploads\/2024\/05\/GettyImages-1255909113-8x12.jpg 8w\" sizes=\"(max-width: 482px) 100vw, 482px\" title=\"\">\t\t\t\t\t\t\t\t\t\t\t\t\t\t\t<\/div>\n\t\t\t\t<\/div>\n\t\t\t\t<\/div>\n\t\t\t\t<\/div>\n\t\t<div class=\"elementor-element elementor-element-5be878d4 e-flex e-con-boxed e-con e-parent\" data-id=\"5be878d4\" data-element_type=\"container\">\n\t\t\t\t\t<div class=\"e-con-inner\">\n\t\t\t\t<div class=\"elementor-element elementor-element-222503aa elementor-widget elementor-widget-heading\" data-id=\"222503aa\" data-element_type=\"widget\" data-widget_type=\"heading.default\">\n\t\t\t\t<div class=\"elementor-widget-container\">\n\t\t\t\t\t<h2 class=\"elementor-heading-title elementor-size-default\">Discover our other destinations<\/h2>\t\t\t\t<\/div>\n\t\t\t\t<\/div>\n\t\t\t\t<div class=\"elementor-element elementor-element-64e172be elementor-widget-divider--view-line_icon elementor-view-default elementor-widget-divider--element-align-center elementor-widget elementor-widget-global elementor-global-364 elementor-widget-divider\" data-id=\"64e172be\" data-element_type=\"widget\" data-widget_type=\"divider.default\">\n\t\t\t\t<div class=\"elementor-widget-container\">\n\t\t\t\t\t\t\t<div class=\"elementor-divider\">\n\t\t\t<span class=\"elementor-divider-separator\">\n\t\t\t\t\t\t\t<div class=\"elementor-icon elementor-divider__element\">\n\t\t\t\t\t<i aria-hidden=\"true\" class=\"fas fa-dot-circle\"><\/i><\/div>\n\t\t\t\t\t\t<\/span>\n\t\t<\/div>\n\t\t\t\t\t\t<\/div>\n\t\t\t\t<\/div>\n\t\t<div class=\"elementor-element elementor-element-736d1686 e-flex e-con-boxed e-con e-child\" data-id=\"736d1686\" data-element_type=\"container\">\n\t\t\t\t\t<div class=\"e-con-inner\">\n\t\t<div class=\"elementor-element elementor-element-494258a8 e-flex e-con-boxed e-con e-child\" data-id=\"494258a8\" data-element_type=\"container\">\n\t\t\t\t\t<div class=\"e-con-inner\">\n\t\t\t\t<div class=\"elementor-element elementor-element-157bb6b2 animated-slow elementor-invisible elementor-widget elementor-widget-image\" data-id=\"157bb6b2\" data-element_type=\"widget\" data-settings=\"{&quot;_animation&quot;:&quot;fadeIn&quot;,&quot;_animation_delay&quot;:500}\" data-widget_type=\"image.default\">\n\t\t\t\t<div class=\"elementor-widget-container\">\n\t\t\t\t\t\t\t\t\t\t\t\t\t\t\t\t<a href=\"#\">\n\t\t\t\t\t\t\t<img decoding=\"async\" width=\"2560\" height=\"1707\" src=\"https:\/\/www.hotelrestaurantlesage.com\/wp-content\/uploads\/2024\/05\/GettyImages-1154633208-scaled.jpg\" class=\"elementor-animation-sink attachment-full size-full wp-image-3891\" alt=\"\" srcset=\"https:\/\/www.hotelrestaurantlesage.com\/wp-content\/uploads\/2024\/05\/GettyImages-1154633208-scaled.jpg 2560w, https:\/\/www.hotelrestaurantlesage.com\/wp-content\/uploads\/2024\/05\/GettyImages-1154633208-300x200.jpg 300w, https:\/\/www.hotelrestaurantlesage.com\/wp-content\/uploads\/2024\/05\/GettyImages-1154633208-1024x683.jpg 1024w, https:\/\/www.hotelrestaurantlesage.com\/wp-content\/uploads\/2024\/05\/GettyImages-1154633208-768x512.jpg 768w, https:\/\/www.hotelrestaurantlesage.com\/wp-content\/uploads\/2024\/05\/GettyImages-1154633208-1536x1024.jpg 1536w, https:\/\/www.hotelrestaurantlesage.com\/wp-content\/uploads\/2024\/05\/GettyImages-1154633208-2048x1365.jpg 2048w, https:\/\/www.hotelrestaurantlesage.com\/wp-content\/uploads\/2024\/05\/GettyImages-1154633208-18x12.jpg 18w\" sizes=\"(max-width: 2560px) 100vw, 2560px\" title=\"\">\t\t\t\t\t\t\t\t<\/a>\n\t\t\t\t\t\t\t\t\t\t\t\t\t\t\t<\/div>\n\t\t\t\t<\/div>\n\t\t<div class=\"elementor-element elementor-element-782157c1 e-flex e-con-boxed e-con e-child\" data-id=\"782157c1\" data-element_type=\"container\" data-settings=\"{&quot;background_background&quot;:&quot;classic&quot;}\">\n\t\t\t\t\t<div class=\"e-con-inner\">\n\t\t<div class=\"elementor-element elementor-element-708b773e e-flex e-con-boxed e-con e-child\" data-id=\"708b773e\" data-element_type=\"container\" data-settings=\"{&quot;background_background&quot;:&quot;classic&quot;}\">\n\t\t\t\t\t<div class=\"e-con-inner\">\n\t\t\t\t<div class=\"elementor-element elementor-element-1d4f5f92 elementor-widget elementor-widget-heading\" data-id=\"1d4f5f92\" data-element_type=\"widget\" data-widget_type=\"heading.default\">\n\t\t\t\t<div class=\"elementor-widget-container\">\n\t\t\t\t\t<h3 class=\"elementor-heading-title elementor-size-default\">Islands of Quiberon Bay<\/h3>\t\t\t\t<\/div>\n\t\t\t\t<\/div>\n\t\t\t\t<div class=\"elementor-element elementor-element-44f1ac97 elementor-align-center elementor-widget elementor-widget-button\" data-id=\"44f1ac97\" data-element_type=\"widget\" data-widget_type=\"button.default\">\n\t\t\t\t<div class=\"elementor-widget-container\">\n\t\t\t\t\t\t\t\t\t<div class=\"elementor-button-wrapper\">\n\t\t\t\t\t<a class=\"elementor-button elementor-button-link elementor-size-sm\" href=\"https:\/\/www.hotelrestaurantlesage.com\/en\/tourisme-quoi-faire-dans-le-morbihan-ancien\/iles-de-la-baie-de-quiberon\/\">\n\t\t\t\t\t\t<span class=\"elementor-button-content-wrapper\">\n\t\t\t\t\t\t\t\t\t<span class=\"elementor-button-text\">See more<\/span>\n\t\t\t\t\t<\/span>\n\t\t\t\t\t<\/a>\n\t\t\t\t<\/div>\n\t\t\t\t\t\t\t\t<\/div>\n\t\t\t\t<\/div>\n\t\t\t\t\t<\/div>\n\t\t\t\t<\/div>\n\t\t\t\t\t<\/div>\n\t\t\t\t<\/div>\n\t\t\t\t\t<\/div>\n\t\t\t\t<\/div>\n\t\t<div class=\"elementor-element elementor-element-1eb24f56 e-flex e-con-boxed e-con e-child\" data-id=\"1eb24f56\" data-element_type=\"container\">\n\t\t\t\t\t<div class=\"e-con-inner\">\n\t\t\t\t<div class=\"elementor-element elementor-element-675abd2d animated-slow elementor-invisible elementor-widget elementor-widget-image\" data-id=\"675abd2d\" data-element_type=\"widget\" data-settings=\"{&quot;_animation&quot;:&quot;fadeIn&quot;,&quot;_animation_delay&quot;:500}\" data-widget_type=\"image.default\">\n\t\t\t\t<div class=\"elementor-widget-container\">\n\t\t\t\t\t\t\t\t\t\t\t\t\t\t\t\t<a href=\"#\">\n\t\t\t\t\t\t\t<img loading=\"lazy\" decoding=\"async\" width=\"2560\" height=\"1477\" src=\"https:\/\/www.hotelrestaurantlesage.com\/wp-content\/uploads\/2024\/05\/GettyImages-1632890769-scaled.jpg\" class=\"elementor-animation-sink attachment-full size-full wp-image-3886\" alt=\"\" srcset=\"https:\/\/www.hotelrestaurantlesage.com\/wp-content\/uploads\/2024\/05\/GettyImages-1632890769-scaled.jpg 2560w, https:\/\/www.hotelrestaurantlesage.com\/wp-content\/uploads\/2024\/05\/GettyImages-1632890769-300x173.jpg 300w, https:\/\/www.hotelrestaurantlesage.com\/wp-content\/uploads\/2024\/05\/GettyImages-1632890769-1024x591.jpg 1024w, https:\/\/www.hotelrestaurantlesage.com\/wp-content\/uploads\/2024\/05\/GettyImages-1632890769-768x443.jpg 768w, https:\/\/www.hotelrestaurantlesage.com\/wp-content\/uploads\/2024\/05\/GettyImages-1632890769-1536x886.jpg 1536w, https:\/\/www.hotelrestaurantlesage.com\/wp-content\/uploads\/2024\/05\/GettyImages-1632890769-2048x1181.jpg 2048w, https:\/\/www.hotelrestaurantlesage.com\/wp-content\/uploads\/2024\/05\/GettyImages-1632890769-18x10.jpg 18w\" sizes=\"(max-width: 2560px) 100vw, 2560px\" title=\"\">\t\t\t\t\t\t\t\t<\/a>\n\t\t\t\t\t\t\t\t\t\t\t\t\t\t\t<\/div>\n\t\t\t\t<\/div>\n\t\t<div class=\"elementor-element elementor-element-54f72940 e-flex e-con-boxed e-con e-child\" data-id=\"54f72940\" data-element_type=\"container\" data-settings=\"{&quot;background_background&quot;:&quot;classic&quot;}\">\n\t\t\t\t\t<div class=\"e-con-inner\">\n\t\t<div class=\"elementor-element elementor-element-333354d e-flex e-con-boxed e-con e-child\" data-id=\"333354d\" data-element_type=\"container\" data-settings=\"{&quot;background_background&quot;:&quot;classic&quot;}\">\n\t\t\t\t\t<div class=\"e-con-inner\">\n\t\t\t\t<div class=\"elementor-element elementor-element-398e40d elementor-widget elementor-widget-heading\" data-id=\"398e40d\" data-element_type=\"widget\" data-widget_type=\"heading.default\">\n\t\t\t\t<div class=\"elementor-widget-container\">\n\t\t\t\t\t<h3 class=\"elementor-heading-title elementor-size-default\">Presqu'\u00eele de Rhuys &amp; Port Navalo<\/h3>\t\t\t\t<\/div>\n\t\t\t\t<\/div>\n\t\t\t\t<div class=\"elementor-element elementor-element-1cedb533 elementor-align-center elementor-widget elementor-widget-button\" data-id=\"1cedb533\" data-element_type=\"widget\" data-widget_type=\"button.default\">\n\t\t\t\t<div class=\"elementor-widget-container\">\n\t\t\t\t\t\t\t\t\t<div class=\"elementor-button-wrapper\">\n\t\t\t\t\t<a class=\"elementor-button elementor-button-link elementor-size-sm\" href=\"https:\/\/www.hotelrestaurantlesage.com\/en\/tourisme-quoi-faire-dans-le-morbihan-ancien\/presquile-de-rhuys-port-navalo\/\">\n\t\t\t\t\t\t<span class=\"elementor-button-content-wrapper\">\n\t\t\t\t\t\t\t\t\t<span class=\"elementor-button-text\">See more<\/span>\n\t\t\t\t\t<\/span>\n\t\t\t\t\t<\/a>\n\t\t\t\t<\/div>\n\t\t\t\t\t\t\t\t<\/div>\n\t\t\t\t<\/div>\n\t\t\t\t\t<\/div>\n\t\t\t\t<\/div>\n\t\t\t\t\t<\/div>\n\t\t\t\t<\/div>\n\t\t\t\t\t<\/div>\n\t\t\t\t<\/div>\n\t\t<div class=\"elementor-element elementor-element-6e89e86 e-flex e-con-boxed e-con e-child\" data-id=\"6e89e86\" data-element_type=\"container\">\n\t\t\t\t\t<div class=\"e-con-inner\">\n\t\t\t\t<div class=\"elementor-element elementor-element-3594b02e animated-slow elementor-invisible elementor-widget elementor-widget-image\" data-id=\"3594b02e\" data-element_type=\"widget\" data-settings=\"{&quot;_animation&quot;:&quot;fadeIn&quot;,&quot;_animation_delay&quot;:500}\" data-widget_type=\"image.default\">\n\t\t\t\t<div class=\"elementor-widget-container\">\n\t\t\t\t\t\t\t\t\t\t\t\t\t\t\t\t<a href=\"#\">\n\t\t\t\t\t\t\t<img loading=\"lazy\" decoding=\"async\" width=\"1414\" height=\"2121\" src=\"https:\/\/www.hotelrestaurantlesage.com\/wp-content\/uploads\/2024\/05\/iStock-1403035058.jpg\" class=\"elementor-animation-sink attachment-full size-full wp-image-3888\" alt=\"\" srcset=\"https:\/\/www.hotelrestaurantlesage.com\/wp-content\/uploads\/2024\/05\/iStock-1403035058.jpg 1414w, https:\/\/www.hotelrestaurantlesage.com\/wp-content\/uploads\/2024\/05\/iStock-1403035058-200x300.jpg 200w, https:\/\/www.hotelrestaurantlesage.com\/wp-content\/uploads\/2024\/05\/iStock-1403035058-683x1024.jpg 683w, https:\/\/www.hotelrestaurantlesage.com\/wp-content\/uploads\/2024\/05\/iStock-1403035058-768x1152.jpg 768w, https:\/\/www.hotelrestaurantlesage.com\/wp-content\/uploads\/2024\/05\/iStock-1403035058-1024x1536.jpg 1024w, https:\/\/www.hotelrestaurantlesage.com\/wp-content\/uploads\/2024\/05\/iStock-1403035058-1365x2048.jpg 1365w, https:\/\/www.hotelrestaurantlesage.com\/wp-content\/uploads\/2024\/05\/iStock-1403035058-8x12.jpg 8w\" sizes=\"(max-width: 1414px) 100vw, 1414px\" title=\"\">\t\t\t\t\t\t\t\t<\/a>\n\t\t\t\t\t\t\t\t\t\t\t\t\t\t\t<\/div>\n\t\t\t\t<\/div>\n\t\t<div class=\"elementor-element elementor-element-6a1db972 e-flex e-con-boxed e-con e-child\" data-id=\"6a1db972\" data-element_type=\"container\" data-settings=\"{&quot;background_background&quot;:&quot;classic&quot;}\">\n\t\t\t\t\t<div class=\"e-con-inner\">\n\t\t<div class=\"elementor-element elementor-element-d3c625a e-flex e-con-boxed e-con e-child\" data-id=\"d3c625a\" data-element_type=\"container\" data-settings=\"{&quot;background_background&quot;:&quot;classic&quot;}\">\n\t\t\t\t\t<div class=\"e-con-inner\">\n\t\t\t\t<div class=\"elementor-element elementor-element-6e36d4e9 elementor-widget elementor-widget-heading\" data-id=\"6e36d4e9\" data-element_type=\"widget\" data-widget_type=\"heading.default\">\n\t\t\t\t<div class=\"elementor-widget-container\">\n\t\t\t\t\t<h3 class=\"elementor-heading-title elementor-size-default\"><a href=\"https:\/\/www.hotelrestaurantlesage.com\/en\/tourisme-quoi-faire-dans-le-morbihan-ancien\/que-faire-a-sarzeau\/\">Sarzeau<\/a><\/h3>\t\t\t\t<\/div>\n\t\t\t\t<\/div>\n\t\t\t\t<div class=\"elementor-element elementor-element-13ca8a62 elementor-align-center elementor-widget elementor-widget-button\" data-id=\"13ca8a62\" data-element_type=\"widget\" data-widget_type=\"button.default\">\n\t\t\t\t<div class=\"elementor-widget-container\">\n\t\t\t\t\t\t\t\t\t<div class=\"elementor-button-wrapper\">\n\t\t\t\t\t<a class=\"elementor-button elementor-button-link elementor-size-sm\" href=\"https:\/\/www.hotelrestaurantlesage.com\/en\/tourisme-quoi-faire-dans-le-morbihan-ancien\/que-faire-a-sarzeau\/\">\n\t\t\t\t\t\t<span class=\"elementor-button-content-wrapper\">\n\t\t\t\t\t\t\t\t\t<span class=\"elementor-button-text\">See more<\/span>\n\t\t\t\t\t<\/span>\n\t\t\t\t\t<\/a>\n\t\t\t\t<\/div>\n\t\t\t\t\t\t\t\t<\/div>\n\t\t\t\t<\/div>\n\t\t\t\t\t<\/div>\n\t\t\t\t<\/div>\n\t\t\t\t\t<\/div>\n\t\t\t\t<\/div>\n\t\t\t\t\t<\/div>\n\t\t\t\t<\/div>\n\t\t\t\t\t<\/div>\n\t\t\t\t<\/div>\n\t\t\t\t\t<\/div>\n\t\t\t\t<\/div>\n\t\t\t\t<\/div>","protected":false},"excerpt":{"rendered":"<p>Que faire \u00e0 Vannes ? Vannes, l\u2019ancienne capitale du Duch\u00e9 de Bretagne Au fond du Golfe du Morbihan, la cit\u00e9 m\u00e9di\u00e9vale de Vannes, Ville d\u2019Art et d\u2019Histoire, invite \u00e0 la vill\u00e9giature. Elle s\u00e9duit par l\u2019animation et le raffinement de ses vieux quartiers. Son c\u0153ur historique avec les superbes maisons \u00e0 pans de bois est l\u2019endroit [&hellip;]<\/p>\n","protected":false},"author":8,"featured_media":0,"parent":65,"menu_order":0,"comment_status":"closed","ping_status":"closed","template":"","meta":{"_acf_changed":false,"inline_featured_image":false,"footnotes":""},"class_list":["post-3909","page","type-page","status-publish","hentry"],"acf":[],"_links":{"self":[{"href":"https:\/\/www.hotelrestaurantlesage.com\/en\/wp-json\/wp\/v2\/pages\/3909","targetHints":{"allow":["GET"]}}],"collection":[{"href":"https:\/\/www.hotelrestaurantlesage.com\/en\/wp-json\/wp\/v2\/pages"}],"about":[{"href":"https:\/\/www.hotelrestaurantlesage.com\/en\/wp-json\/wp\/v2\/types\/page"}],"author":[{"embeddable":true,"href":"https:\/\/www.hotelrestaurantlesage.com\/en\/wp-json\/wp\/v2\/users\/8"}],"replies":[{"embeddable":true,"href":"https:\/\/www.hotelrestaurantlesage.com\/en\/wp-json\/wp\/v2\/comments?post=3909"}],"version-history":[{"count":19,"href":"https:\/\/www.hotelrestaurantlesage.com\/en\/wp-json\/wp\/v2\/pages\/3909\/revisions"}],"predecessor-version":[{"id":5163,"href":"https:\/\/www.hotelrestaurantlesage.com\/en\/wp-json\/wp\/v2\/pages\/3909\/revisions\/5163"}],"up":[{"embeddable":true,"href":"https:\/\/www.hotelrestaurantlesage.com\/en\/wp-json\/wp\/v2\/pages\/65"}],"wp:attachment":[{"href":"https:\/\/www.hotelrestaurantlesage.com\/en\/wp-json\/wp\/v2\/media?parent=3909"}],"curies":[{"name":"wp","href":"https:\/\/api.w.org\/{rel}","templated":true}]}}