{"id":3908,"date":"2024-05-28T15:53:43","date_gmt":"2024-05-28T13:53:43","guid":{"rendered":"https:\/\/www.hotelrestaurantlesage.com\/?page_id=3908"},"modified":"2025-08-05T14:35:39","modified_gmt":"2025-08-05T12:35:39","slug":"presquile-de-rhuys-port-navalo","status":"publish","type":"page","link":"https:\/\/www.hotelrestaurantlesage.com\/en\/tourisme-quoi-faire-dans-le-morbihan-ancien\/presquile-de-rhuys-port-navalo\/","title":{"rendered":"Presqu'\u00eele de Rhuys &amp; Port-Navalo"},"content":{"rendered":"<div data-elementor-type=\"wp-page\" data-elementor-id=\"3908\" class=\"elementor elementor-3908\" data-elementor-post-type=\"page\">\n\t\t\t\t<div class=\"elementor-element elementor-element-5152dd76 e-con-full e-flex e-con e-parent\" data-id=\"5152dd76\" data-element_type=\"container\" id=\"top\" data-settings=\"{&quot;background_background&quot;:&quot;classic&quot;}\">\n\t\t\t\t<div class=\"elementor-element elementor-element-337d6633 elementor-widget elementor-widget-heading\" data-id=\"337d6633\" data-element_type=\"widget\" data-widget_type=\"heading.default\">\n\t\t\t\t<div class=\"elementor-widget-container\">\n\t\t\t\t\t<span class=\"elementor-heading-title elementor-size-default\">Rhuys peninsula, Port-Navalo<\/span>\t\t\t\t<\/div>\n\t\t\t\t<\/div>\n\t\t\t\t<div class=\"elementor-element elementor-element-3fcae56 elementor-widget elementor-widget-heading\" data-id=\"3fcae56\" data-element_type=\"widget\" data-widget_type=\"heading.default\">\n\t\t\t\t<div class=\"elementor-widget-container\">\n\t\t\t\t\t<h1 class=\"elementor-heading-title elementor-size-default\">&amp; the Port of Crouesty<\/h1>\t\t\t\t<\/div>\n\t\t\t\t<\/div>\n\t\t\t\t<\/div>\n\t\t<div class=\"elementor-element elementor-element-1a17b6c0 e-con-full e-flex e-con e-parent\" data-id=\"1a17b6c0\" data-element_type=\"container\" id=\"first-content\">\n\t\t<div class=\"elementor-element elementor-element-7aec88e9 e-con-full e-flex e-con e-child\" data-id=\"7aec88e9\" data-element_type=\"container\">\n\t\t\t\t<div class=\"elementor-element elementor-element-17d7a66f elementor-widget elementor-widget-heading\" data-id=\"17d7a66f\" data-element_type=\"widget\" data-widget_type=\"heading.default\">\n\t\t\t\t<div class=\"elementor-widget-container\">\n\t\t\t\t\t<h2 class=\"elementor-heading-title elementor-size-default\">Escape during your stay on the Rhuys peninsula<\/h2>\t\t\t\t<\/div>\n\t\t\t\t<\/div>\n\t\t\t\t<div class=\"elementor-element elementor-element-f65d0eb elementor-widget elementor-widget-text-editor\" data-id=\"f65d0eb\" data-element_type=\"widget\" data-widget_type=\"text-editor.default\">\n\t\t\t\t<div class=\"elementor-widget-container\">\n\t\t\t\t\t\t\t\t\t<p>Famous for its castle, which was once <strong>the residence of the Dukes of Brittany<\/strong> which we now visit under the name of <strong>Suscinio Castle<\/strong>This colourful 25-kilometre peninsula owes its name to Saint Gildas, a monk who founded a Celtic abbey at the end of the 6th century.<\/p><p>In addition to its strong historical past, the peninsula located <strong>in the heart of the Gulf of Morbihan<\/strong> welcomes you to experience all the thrills and sensations with your family or friends, in the air, on land or at sea. Explore the Gulf by kayak or sail, discover the wild landscapes by bike or on foot, take a first flight or dive for an unforgettable break. <strong>South Brittany.<\/strong><\/p>\t\t\t\t\t\t\t\t<\/div>\n\t\t\t\t<\/div>\n\t\t\t\t<div class=\"elementor-element elementor-element-a6f9b48 elementor-widget-tablet__width-inherit elementor-widget elementor-widget-image\" data-id=\"a6f9b48\" data-element_type=\"widget\" data-widget_type=\"image.default\">\n\t\t\t\t<div class=\"elementor-widget-container\">\n\t\t\t\t\t\t\t\t\t\t\t\t\t\t\t<img fetchpriority=\"high\" decoding=\"async\" width=\"800\" height=\"533\" src=\"https:\/\/www.hotelrestaurantlesage.com\/wp-content\/uploads\/2024\/05\/GettyImages-471105877-min-1024x682.jpg\" class=\"attachment-large size-large wp-image-3961\" alt=\"\" srcset=\"https:\/\/www.hotelrestaurantlesage.com\/wp-content\/uploads\/2024\/05\/GettyImages-471105877-min-1024x682.jpg 1024w, https:\/\/www.hotelrestaurantlesage.com\/wp-content\/uploads\/2024\/05\/GettyImages-471105877-min-300x200.jpg 300w, https:\/\/www.hotelrestaurantlesage.com\/wp-content\/uploads\/2024\/05\/GettyImages-471105877-min-768x512.jpg 768w, https:\/\/www.hotelrestaurantlesage.com\/wp-content\/uploads\/2024\/05\/GettyImages-471105877-min-1536x1023.jpg 1536w, https:\/\/www.hotelrestaurantlesage.com\/wp-content\/uploads\/2024\/05\/GettyImages-471105877-min-2048x1364.jpg 2048w, https:\/\/www.hotelrestaurantlesage.com\/wp-content\/uploads\/2024\/05\/GettyImages-471105877-min-18x12.jpg 18w\" sizes=\"(max-width: 800px) 100vw, 800px\" title=\"\">\t\t\t\t\t\t\t\t\t\t\t\t\t\t\t<\/div>\n\t\t\t\t<\/div>\n\t\t\t\t<\/div>\n\t\t<div class=\"elementor-element elementor-element-65eb2804 e-con-full e-flex e-con e-child\" data-id=\"65eb2804\" data-element_type=\"container\">\n\t\t\t\t<div class=\"elementor-element elementor-element-1a75b8ef elementor-widget-tablet__width-inherit elementor-widget elementor-widget-image\" data-id=\"1a75b8ef\" data-element_type=\"widget\" data-widget_type=\"image.default\">\n\t\t\t\t<div class=\"elementor-widget-container\">\n\t\t\t\t\t\t\t\t\t\t\t\t\t\t\t<img decoding=\"async\" width=\"800\" height=\"800\" src=\"https:\/\/www.hotelrestaurantlesage.com\/wp-content\/uploads\/2024\/05\/GettyImages-169954202-min-1024x1024.jpg\" class=\"attachment-large size-large wp-image-3964\" alt=\"\" srcset=\"https:\/\/www.hotelrestaurantlesage.com\/wp-content\/uploads\/2024\/05\/GettyImages-169954202-min-1024x1024.jpg 1024w, https:\/\/www.hotelrestaurantlesage.com\/wp-content\/uploads\/2024\/05\/GettyImages-169954202-min-300x300.jpg 300w, https:\/\/www.hotelrestaurantlesage.com\/wp-content\/uploads\/2024\/05\/GettyImages-169954202-min-150x150.jpg 150w, https:\/\/www.hotelrestaurantlesage.com\/wp-content\/uploads\/2024\/05\/GettyImages-169954202-min-768x768.jpg 768w, https:\/\/www.hotelrestaurantlesage.com\/wp-content\/uploads\/2024\/05\/GettyImages-169954202-min-1536x1536.jpg 1536w, https:\/\/www.hotelrestaurantlesage.com\/wp-content\/uploads\/2024\/05\/GettyImages-169954202-min-12x12.jpg 12w, https:\/\/www.hotelrestaurantlesage.com\/wp-content\/uploads\/2024\/05\/GettyImages-169954202-min.jpg 1657w\" sizes=\"(max-width: 800px) 100vw, 800px\" title=\"\">\t\t\t\t\t\t\t\t\t\t\t\t\t\t\t<\/div>\n\t\t\t\t<\/div>\n\t\t\t\t<\/div>\n\t\t\t\t<\/div>\n\t\t<div class=\"elementor-element elementor-element-8a966c8 e-flex e-con-boxed e-con e-parent\" data-id=\"8a966c8\" data-element_type=\"container\">\n\t\t\t\t\t<div class=\"e-con-inner\">\n\t\t<div class=\"elementor-element elementor-element-ed1a069 e-con-full e-flex e-con e-child\" data-id=\"ed1a069\" data-element_type=\"container\" data-settings=\"{&quot;background_background&quot;:&quot;classic&quot;}\">\n\t\t\t\t<\/div>\n\t\t<div class=\"elementor-element elementor-element-be31c5b e-con-full e-flex e-con e-child\" data-id=\"be31c5b\" data-element_type=\"container\" data-settings=\"{&quot;background_background&quot;:&quot;classic&quot;}\">\n\t\t\t\t<div class=\"elementor-element elementor-element-fcfff60 elementor-widget elementor-widget-heading\" data-id=\"fcfff60\" data-element_type=\"widget\" data-widget_type=\"heading.default\">\n\t\t\t\t<div class=\"elementor-widget-container\">\n\t\t\t\t\t<h2 class=\"elementor-heading-title elementor-size-default\">Port-Navalo, at the tip of the Rhuys peninsula<\/h2>\t\t\t\t<\/div>\n\t\t\t\t<\/div>\n\t\t\t\t<div class=\"elementor-element elementor-element-969d26c elementor-widget elementor-widget-text-editor\" data-id=\"969d26c\" data-element_type=\"widget\" data-widget_type=\"text-editor.default\">\n\t\t\t\t<div class=\"elementor-widget-container\">\n\t\t\t\t\t\t\t\t\t<p>Located at the entrance to the Gulf of Morbihan, <strong>Port-Navalo<\/strong> (Porzh Noalou in Breton) is a famous fishing port dating back to the 20th century. Popular with tourists for its superb panoramic views of the interior of the Gulf, Port Navalo will amaze you and give you a change of scenery from the sumptuous <strong>Breton islands<\/strong> from this famous maritime gateway. Let yourself be guided aboard an old sailing ship and visit the many islands and islets that abound in the area. <strong>Morbihan Gulf<\/strong>.<br \/><br \/><\/p><p>Every year in summer, the <strong>Grandes r\u00e9gates de Port Navalo<\/strong> are organised to offer lovers of old riggings a majestic and unusual nautical ballet, perfectly visible from this old coastal fishing port, a stone's throw from <strong>Sarzeau and the H\u00f4tel Lesage.<\/strong><\/p>\t\t\t\t\t\t\t\t<\/div>\n\t\t\t\t<\/div>\n\t\t\t\t<\/div>\n\t\t\t\t\t<\/div>\n\t\t\t\t<\/div>\n\t\t<div class=\"elementor-element elementor-element-917d2d8 e-flex e-con-boxed e-con e-parent\" data-id=\"917d2d8\" data-element_type=\"container\">\n\t\t\t\t\t<div class=\"e-con-inner\">\n\t\t<div class=\"elementor-element elementor-element-d3aee33 e-con-full e-flex e-con e-child\" data-id=\"d3aee33\" data-element_type=\"container\">\n\t\t\t\t<div class=\"elementor-element elementor-element-c6b9f92 elementor-widget elementor-widget-heading\" data-id=\"c6b9f92\" data-element_type=\"widget\" data-widget_type=\"heading.default\">\n\t\t\t\t<div class=\"elementor-widget-container\">\n\t\t\t\t\t<h2 class=\"elementor-heading-title elementor-size-default\">Port du Crouesty<\/h2>\t\t\t\t<\/div>\n\t\t\t\t<\/div>\n\t\t\t\t<div class=\"elementor-element elementor-element-7fc657c elementor-widget elementor-widget-text-editor\" data-id=\"7fc657c\" data-element_type=\"widget\" data-widget_type=\"text-editor.default\">\n\t\t\t\t<div class=\"elementor-widget-container\">\n\t\t\t\t\t\t\t\t\t<p>The port of Crouesty is the perfect combination of a major port and an intimate, relaxing stopover. Discover its heritage, such as the megalithic site of Petit Mont, and stroll along the coastal paths. Numerous nautical events are held in the port of Crouesty, and the \"Mille Sabords\" boat show, dedicated to second-hand boats, is a not-to-be-missed event every first weekend in November. Looking out over the Bay of Quiberon and its islands, the Port of Crouesty is a great place to stop off for a breath of fresh air.<\/p>\t\t\t\t\t\t\t\t<\/div>\n\t\t\t\t<\/div>\n\t\t\t\t<\/div>\n\t\t<div class=\"elementor-element elementor-element-0cbd580 e-con-full e-flex e-con e-child\" data-id=\"0cbd580\" data-element_type=\"container\">\n\t\t\t\t<div class=\"elementor-element elementor-element-f3fb5ad elementor-widget__width-initial elementor-absolute elementor-widget elementor-widget-image\" data-id=\"f3fb5ad\" data-element_type=\"widget\" data-settings=\"{&quot;_position&quot;:&quot;absolute&quot;}\" data-widget_type=\"image.default\">\n\t\t\t\t<div class=\"elementor-widget-container\">\n\t\t\t\t\t\t\t\t\t\t\t\t\t\t\t<img decoding=\"async\" width=\"1125\" height=\"1500\" src=\"https:\/\/www.hotelrestaurantlesage.com\/wp-content\/uploads\/2024\/05\/GettyImages-2098531148.jpg\" class=\"attachment-full size-full wp-image-4175\" alt=\"\" srcset=\"https:\/\/www.hotelrestaurantlesage.com\/wp-content\/uploads\/2024\/05\/GettyImages-2098531148.jpg 1125w, https:\/\/www.hotelrestaurantlesage.com\/wp-content\/uploads\/2024\/05\/GettyImages-2098531148-225x300.jpg 225w, https:\/\/www.hotelrestaurantlesage.com\/wp-content\/uploads\/2024\/05\/GettyImages-2098531148-768x1024.jpg 768w, https:\/\/www.hotelrestaurantlesage.com\/wp-content\/uploads\/2024\/05\/GettyImages-2098531148-9x12.jpg 9w\" sizes=\"(max-width: 1125px) 100vw, 1125px\" title=\"\">\t\t\t\t\t\t\t\t\t\t\t\t\t\t\t<\/div>\n\t\t\t\t<\/div>\n\t\t\t\t<div class=\"elementor-element elementor-element-b9ece88 elementor-widget__width-initial elementor-widget elementor-widget-image\" data-id=\"b9ece88\" data-element_type=\"widget\" data-widget_type=\"image.default\">\n\t\t\t\t<div class=\"elementor-widget-container\">\n\t\t\t\t\t\t\t\t\t\t\t\t\t\t\t<img loading=\"lazy\" decoding=\"async\" width=\"2560\" height=\"1131\" src=\"https:\/\/www.hotelrestaurantlesage.com\/wp-content\/uploads\/2024\/04\/port-du-crouesty-scaled.jpg\" class=\"attachment-full size-full wp-image-3808\" alt=\"\" srcset=\"https:\/\/www.hotelrestaurantlesage.com\/wp-content\/uploads\/2024\/04\/port-du-crouesty-scaled.jpg 2560w, https:\/\/www.hotelrestaurantlesage.com\/wp-content\/uploads\/2024\/04\/port-du-crouesty-300x133.jpg 300w, https:\/\/www.hotelrestaurantlesage.com\/wp-content\/uploads\/2024\/04\/port-du-crouesty-1024x452.jpg 1024w, https:\/\/www.hotelrestaurantlesage.com\/wp-content\/uploads\/2024\/04\/port-du-crouesty-768x339.jpg 768w, https:\/\/www.hotelrestaurantlesage.com\/wp-content\/uploads\/2024\/04\/port-du-crouesty-1536x679.jpg 1536w, https:\/\/www.hotelrestaurantlesage.com\/wp-content\/uploads\/2024\/04\/port-du-crouesty-2048x905.jpg 2048w, https:\/\/www.hotelrestaurantlesage.com\/wp-content\/uploads\/2024\/04\/port-du-crouesty-18x8.jpg 18w\" sizes=\"(max-width: 2560px) 100vw, 2560px\" title=\"\">\t\t\t\t\t\t\t\t\t\t\t\t\t\t\t<\/div>\n\t\t\t\t<\/div>\n\t\t\t\t<\/div>\n\t\t\t\t\t<\/div>\n\t\t\t\t<\/div>\n\t\t<div class=\"elementor-element elementor-element-5be878d4 e-flex e-con-boxed e-con e-parent\" data-id=\"5be878d4\" data-element_type=\"container\">\n\t\t\t\t\t<div class=\"e-con-inner\">\n\t\t\t\t<div class=\"elementor-element elementor-element-222503aa elementor-widget elementor-widget-heading\" data-id=\"222503aa\" data-element_type=\"widget\" data-widget_type=\"heading.default\">\n\t\t\t\t<div class=\"elementor-widget-container\">\n\t\t\t\t\t<h2 class=\"elementor-heading-title elementor-size-default\">Discover our other destinations<\/h2>\t\t\t\t<\/div>\n\t\t\t\t<\/div>\n\t\t\t\t<div class=\"elementor-element elementor-element-64e172be elementor-widget-divider--view-line_icon elementor-view-default elementor-widget-divider--element-align-center elementor-widget elementor-widget-global elementor-global-364 elementor-widget-divider\" data-id=\"64e172be\" data-element_type=\"widget\" data-widget_type=\"divider.default\">\n\t\t\t\t<div class=\"elementor-widget-container\">\n\t\t\t\t\t\t\t<div class=\"elementor-divider\">\n\t\t\t<span class=\"elementor-divider-separator\">\n\t\t\t\t\t\t\t<div class=\"elementor-icon elementor-divider__element\">\n\t\t\t\t\t<i aria-hidden=\"true\" class=\"fas fa-dot-circle\"><\/i><\/div>\n\t\t\t\t\t\t<\/span>\n\t\t<\/div>\n\t\t\t\t\t\t<\/div>\n\t\t\t\t<\/div>\n\t\t<div class=\"elementor-element elementor-element-736d1686 e-flex e-con-boxed e-con e-child\" data-id=\"736d1686\" data-element_type=\"container\">\n\t\t\t\t\t<div class=\"e-con-inner\">\n\t\t<div class=\"elementor-element elementor-element-494258a8 e-flex e-con-boxed e-con e-child\" data-id=\"494258a8\" data-element_type=\"container\">\n\t\t\t\t\t<div class=\"e-con-inner\">\n\t\t\t\t<div class=\"elementor-element elementor-element-157bb6b2 animated-slow elementor-invisible elementor-widget elementor-widget-image\" data-id=\"157bb6b2\" data-element_type=\"widget\" data-settings=\"{&quot;_animation&quot;:&quot;fadeIn&quot;,&quot;_animation_delay&quot;:500}\" data-widget_type=\"image.default\">\n\t\t\t\t<div class=\"elementor-widget-container\">\n\t\t\t\t\t\t\t\t\t\t\t\t\t\t\t\t<a href=\"#\">\n\t\t\t\t\t\t\t<img loading=\"lazy\" decoding=\"async\" width=\"2560\" height=\"1709\" src=\"https:\/\/www.hotelrestaurantlesage.com\/wp-content\/uploads\/2024\/05\/GettyImages-1465495575-scaled.jpg\" class=\"elementor-animation-sink attachment-full size-full wp-image-3879\" alt=\"\" srcset=\"https:\/\/www.hotelrestaurantlesage.com\/wp-content\/uploads\/2024\/05\/GettyImages-1465495575-scaled.jpg 2560w, https:\/\/www.hotelrestaurantlesage.com\/wp-content\/uploads\/2024\/05\/GettyImages-1465495575-300x200.jpg 300w, https:\/\/www.hotelrestaurantlesage.com\/wp-content\/uploads\/2024\/05\/GettyImages-1465495575-1024x684.jpg 1024w, https:\/\/www.hotelrestaurantlesage.com\/wp-content\/uploads\/2024\/05\/GettyImages-1465495575-768x513.jpg 768w, https:\/\/www.hotelrestaurantlesage.com\/wp-content\/uploads\/2024\/05\/GettyImages-1465495575-1536x1025.jpg 1536w, https:\/\/www.hotelrestaurantlesage.com\/wp-content\/uploads\/2024\/05\/GettyImages-1465495575-2048x1367.jpg 2048w, https:\/\/www.hotelrestaurantlesage.com\/wp-content\/uploads\/2024\/05\/GettyImages-1465495575-18x12.jpg 18w\" sizes=\"(max-width: 2560px) 100vw, 2560px\" title=\"\">\t\t\t\t\t\t\t\t<\/a>\n\t\t\t\t\t\t\t\t\t\t\t\t\t\t\t<\/div>\n\t\t\t\t<\/div>\n\t\t<div class=\"elementor-element elementor-element-782157c1 e-flex e-con-boxed e-con e-child\" data-id=\"782157c1\" data-element_type=\"container\" data-settings=\"{&quot;background_background&quot;:&quot;classic&quot;}\">\n\t\t\t\t\t<div class=\"e-con-inner\">\n\t\t<div class=\"elementor-element elementor-element-708b773e e-flex e-con-boxed e-con e-child\" data-id=\"708b773e\" data-element_type=\"container\" data-settings=\"{&quot;background_background&quot;:&quot;classic&quot;}\">\n\t\t\t\t\t<div class=\"e-con-inner\">\n\t\t\t\t<div class=\"elementor-element elementor-element-1d4f5f92 elementor-widget elementor-widget-heading\" data-id=\"1d4f5f92\" data-element_type=\"widget\" data-widget_type=\"heading.default\">\n\t\t\t\t<div class=\"elementor-widget-container\">\n\t\t\t\t\t<h3 class=\"elementor-heading-title elementor-size-default\">Valves<\/h3>\t\t\t\t<\/div>\n\t\t\t\t<\/div>\n\t\t\t\t<div class=\"elementor-element elementor-element-44f1ac97 elementor-align-center elementor-widget elementor-widget-button\" data-id=\"44f1ac97\" data-element_type=\"widget\" data-widget_type=\"button.default\">\n\t\t\t\t<div class=\"elementor-widget-container\">\n\t\t\t\t\t\t\t\t\t<div class=\"elementor-button-wrapper\">\n\t\t\t\t\t<a class=\"elementor-button elementor-button-link elementor-size-sm\" href=\"https:\/\/www.hotelrestaurantlesage.com\/en\/tourisme-quoi-faire-dans-le-morbihan-ancien\/que-faire-a-vannes\/\">\n\t\t\t\t\t\t<span class=\"elementor-button-content-wrapper\">\n\t\t\t\t\t\t\t\t\t<span class=\"elementor-button-text\">See more<\/span>\n\t\t\t\t\t<\/span>\n\t\t\t\t\t<\/a>\n\t\t\t\t<\/div>\n\t\t\t\t\t\t\t\t<\/div>\n\t\t\t\t<\/div>\n\t\t\t\t\t<\/div>\n\t\t\t\t<\/div>\n\t\t\t\t\t<\/div>\n\t\t\t\t<\/div>\n\t\t\t\t\t<\/div>\n\t\t\t\t<\/div>\n\t\t<div class=\"elementor-element elementor-element-1eb24f56 e-flex e-con-boxed e-con e-child\" data-id=\"1eb24f56\" data-element_type=\"container\">\n\t\t\t\t\t<div class=\"e-con-inner\">\n\t\t\t\t<div class=\"elementor-element elementor-element-675abd2d animated-slow elementor-invisible elementor-widget elementor-widget-image\" data-id=\"675abd2d\" data-element_type=\"widget\" data-settings=\"{&quot;_animation&quot;:&quot;fadeIn&quot;,&quot;_animation_delay&quot;:500}\" data-widget_type=\"image.default\">\n\t\t\t\t<div class=\"elementor-widget-container\">\n\t\t\t\t\t\t\t\t\t\t\t\t\t\t\t\t<a href=\"#\">\n\t\t\t\t\t\t\t<img loading=\"lazy\" decoding=\"async\" width=\"1414\" height=\"2121\" src=\"https:\/\/www.hotelrestaurantlesage.com\/wp-content\/uploads\/2024\/05\/GettyImages-1403035033.jpg\" class=\"elementor-animation-sink attachment-full size-full wp-image-3938\" alt=\"\" srcset=\"https:\/\/www.hotelrestaurantlesage.com\/wp-content\/uploads\/2024\/05\/GettyImages-1403035033.jpg 1414w, https:\/\/www.hotelrestaurantlesage.com\/wp-content\/uploads\/2024\/05\/GettyImages-1403035033-200x300.jpg 200w, https:\/\/www.hotelrestaurantlesage.com\/wp-content\/uploads\/2024\/05\/GettyImages-1403035033-683x1024.jpg 683w, https:\/\/www.hotelrestaurantlesage.com\/wp-content\/uploads\/2024\/05\/GettyImages-1403035033-768x1152.jpg 768w, https:\/\/www.hotelrestaurantlesage.com\/wp-content\/uploads\/2024\/05\/GettyImages-1403035033-1024x1536.jpg 1024w, https:\/\/www.hotelrestaurantlesage.com\/wp-content\/uploads\/2024\/05\/GettyImages-1403035033-1365x2048.jpg 1365w, https:\/\/www.hotelrestaurantlesage.com\/wp-content\/uploads\/2024\/05\/GettyImages-1403035033-8x12.jpg 8w\" sizes=\"(max-width: 1414px) 100vw, 1414px\" title=\"\">\t\t\t\t\t\t\t\t<\/a>\n\t\t\t\t\t\t\t\t\t\t\t\t\t\t\t<\/div>\n\t\t\t\t<\/div>\n\t\t<div class=\"elementor-element elementor-element-54f72940 e-flex e-con-boxed e-con e-child\" data-id=\"54f72940\" data-element_type=\"container\" data-settings=\"{&quot;background_background&quot;:&quot;classic&quot;}\">\n\t\t\t\t\t<div class=\"e-con-inner\">\n\t\t<div class=\"elementor-element elementor-element-333354d e-flex e-con-boxed e-con e-child\" data-id=\"333354d\" data-element_type=\"container\" data-settings=\"{&quot;background_background&quot;:&quot;classic&quot;}\">\n\t\t\t\t\t<div class=\"e-con-inner\">\n\t\t\t\t<div class=\"elementor-element elementor-element-398e40d elementor-widget elementor-widget-heading\" data-id=\"398e40d\" data-element_type=\"widget\" data-widget_type=\"heading.default\">\n\t\t\t\t<div class=\"elementor-widget-container\">\n\t\t\t\t\t<h3 class=\"elementor-heading-title elementor-size-default\">Sarzeau<\/h3>\t\t\t\t<\/div>\n\t\t\t\t<\/div>\n\t\t\t\t<div class=\"elementor-element elementor-element-1cedb533 elementor-align-center elementor-widget elementor-widget-button\" data-id=\"1cedb533\" data-element_type=\"widget\" data-widget_type=\"button.default\">\n\t\t\t\t<div class=\"elementor-widget-container\">\n\t\t\t\t\t\t\t\t\t<div class=\"elementor-button-wrapper\">\n\t\t\t\t\t<a class=\"elementor-button elementor-button-link elementor-size-sm\" href=\"https:\/\/www.hotelrestaurantlesage.com\/en\/tourisme-quoi-faire-dans-le-morbihan-ancien\/que-faire-a-sarzeau\/\">\n\t\t\t\t\t\t<span class=\"elementor-button-content-wrapper\">\n\t\t\t\t\t\t\t\t\t<span class=\"elementor-button-text\">See more<\/span>\n\t\t\t\t\t<\/span>\n\t\t\t\t\t<\/a>\n\t\t\t\t<\/div>\n\t\t\t\t\t\t\t\t<\/div>\n\t\t\t\t<\/div>\n\t\t\t\t\t<\/div>\n\t\t\t\t<\/div>\n\t\t\t\t\t<\/div>\n\t\t\t\t<\/div>\n\t\t\t\t\t<\/div>\n\t\t\t\t<\/div>\n\t\t<div class=\"elementor-element elementor-element-6e89e86 e-flex e-con-boxed e-con e-child\" data-id=\"6e89e86\" data-element_type=\"container\">\n\t\t\t\t\t<div class=\"e-con-inner\">\n\t\t\t\t<div class=\"elementor-element elementor-element-3594b02e animated-slow elementor-invisible elementor-widget elementor-widget-image\" data-id=\"3594b02e\" data-element_type=\"widget\" data-settings=\"{&quot;_animation&quot;:&quot;fadeIn&quot;,&quot;_animation_delay&quot;:500}\" data-widget_type=\"image.default\">\n\t\t\t\t<div class=\"elementor-widget-container\">\n\t\t\t\t\t\t\t\t\t\t\t\t\t\t\t\t<a href=\"#\">\n\t\t\t\t\t\t\t<img loading=\"lazy\" decoding=\"async\" width=\"2560\" height=\"1707\" src=\"https:\/\/www.hotelrestaurantlesage.com\/wp-content\/uploads\/2024\/05\/GettyImages-1154633208-scaled.jpg\" class=\"elementor-animation-sink attachment-full size-full wp-image-3891\" alt=\"\" srcset=\"https:\/\/www.hotelrestaurantlesage.com\/wp-content\/uploads\/2024\/05\/GettyImages-1154633208-scaled.jpg 2560w, https:\/\/www.hotelrestaurantlesage.com\/wp-content\/uploads\/2024\/05\/GettyImages-1154633208-300x200.jpg 300w, https:\/\/www.hotelrestaurantlesage.com\/wp-content\/uploads\/2024\/05\/GettyImages-1154633208-1024x683.jpg 1024w, https:\/\/www.hotelrestaurantlesage.com\/wp-content\/uploads\/2024\/05\/GettyImages-1154633208-768x512.jpg 768w, https:\/\/www.hotelrestaurantlesage.com\/wp-content\/uploads\/2024\/05\/GettyImages-1154633208-1536x1024.jpg 1536w, https:\/\/www.hotelrestaurantlesage.com\/wp-content\/uploads\/2024\/05\/GettyImages-1154633208-2048x1365.jpg 2048w, https:\/\/www.hotelrestaurantlesage.com\/wp-content\/uploads\/2024\/05\/GettyImages-1154633208-18x12.jpg 18w\" sizes=\"(max-width: 2560px) 100vw, 2560px\" title=\"\">\t\t\t\t\t\t\t\t<\/a>\n\t\t\t\t\t\t\t\t\t\t\t\t\t\t\t<\/div>\n\t\t\t\t<\/div>\n\t\t<div class=\"elementor-element elementor-element-6a1db972 e-flex e-con-boxed e-con e-child\" data-id=\"6a1db972\" data-element_type=\"container\" data-settings=\"{&quot;background_background&quot;:&quot;classic&quot;}\">\n\t\t\t\t\t<div class=\"e-con-inner\">\n\t\t<div class=\"elementor-element elementor-element-d3c625a e-flex e-con-boxed e-con e-child\" data-id=\"d3c625a\" data-element_type=\"container\" data-settings=\"{&quot;background_background&quot;:&quot;classic&quot;}\">\n\t\t\t\t\t<div class=\"e-con-inner\">\n\t\t\t\t<div class=\"elementor-element elementor-element-6e36d4e9 elementor-widget elementor-widget-heading\" data-id=\"6e36d4e9\" data-element_type=\"widget\" data-widget_type=\"heading.default\">\n\t\t\t\t<div class=\"elementor-widget-container\">\n\t\t\t\t\t<h3 class=\"elementor-heading-title elementor-size-default\">Islands of Quiberon Bay\n<\/h3>\t\t\t\t<\/div>\n\t\t\t\t<\/div>\n\t\t\t\t<div class=\"elementor-element elementor-element-13ca8a62 elementor-align-center elementor-widget elementor-widget-button\" data-id=\"13ca8a62\" data-element_type=\"widget\" data-widget_type=\"button.default\">\n\t\t\t\t<div class=\"elementor-widget-container\">\n\t\t\t\t\t\t\t\t\t<div class=\"elementor-button-wrapper\">\n\t\t\t\t\t<a class=\"elementor-button elementor-button-link elementor-size-sm\" href=\"https:\/\/www.hotelrestaurantlesage.com\/en\/tourisme-quoi-faire-dans-le-morbihan-ancien\/iles-de-la-baie-de-quiberon\/\">\n\t\t\t\t\t\t<span class=\"elementor-button-content-wrapper\">\n\t\t\t\t\t\t\t\t\t<span class=\"elementor-button-text\">See more<\/span>\n\t\t\t\t\t<\/span>\n\t\t\t\t\t<\/a>\n\t\t\t\t<\/div>\n\t\t\t\t\t\t\t\t<\/div>\n\t\t\t\t<\/div>\n\t\t\t\t\t<\/div>\n\t\t\t\t<\/div>\n\t\t\t\t\t<\/div>\n\t\t\t\t<\/div>\n\t\t\t\t\t<\/div>\n\t\t\t\t<\/div>\n\t\t\t\t\t<\/div>\n\t\t\t\t<\/div>\n\t\t\t\t\t<\/div>\n\t\t\t\t<\/div>\n\t\t\t\t<\/div>","protected":false},"excerpt":{"rendered":"<p>Presqu&rsquo;\u00eele de Rhuys, Port-Navalo &#038; le Port du Crouesty Evadez-vous le temps de votre s\u00e9jour sur la presqu\u2019\u00eele de Rhuys C\u00e9l\u00e8bre entre autres pour son ch\u00e2teau qui fut la r\u00e9sidence des Ducs de Bretagne et que l\u2019on visite d\u00e9sormais sous le nom de Ch\u00e2teau de Suscinio, cette presqu\u2019\u00eele haute en couleurs s\u2019\u00e9tend sur 25 kilom\u00e8tres [&hellip;]<\/p>\n","protected":false},"author":8,"featured_media":0,"parent":65,"menu_order":0,"comment_status":"closed","ping_status":"closed","template":"","meta":{"_acf_changed":false,"inline_featured_image":false,"footnotes":""},"class_list":["post-3908","page","type-page","status-publish","hentry"],"acf":[],"_links":{"self":[{"href":"https:\/\/www.hotelrestaurantlesage.com\/en\/wp-json\/wp\/v2\/pages\/3908","targetHints":{"allow":["GET"]}}],"collection":[{"href":"https:\/\/www.hotelrestaurantlesage.com\/en\/wp-json\/wp\/v2\/pages"}],"about":[{"href":"https:\/\/www.hotelrestaurantlesage.com\/en\/wp-json\/wp\/v2\/types\/page"}],"author":[{"embeddable":true,"href":"https:\/\/www.hotelrestaurantlesage.com\/en\/wp-json\/wp\/v2\/users\/8"}],"replies":[{"embeddable":true,"href":"https:\/\/www.hotelrestaurantlesage.com\/en\/wp-json\/wp\/v2\/comments?post=3908"}],"version-history":[{"count":37,"href":"https:\/\/www.hotelrestaurantlesage.com\/en\/wp-json\/wp\/v2\/pages\/3908\/revisions"}],"predecessor-version":[{"id":5160,"href":"https:\/\/www.hotelrestaurantlesage.com\/en\/wp-json\/wp\/v2\/pages\/3908\/revisions\/5160"}],"up":[{"embeddable":true,"href":"https:\/\/www.hotelrestaurantlesage.com\/en\/wp-json\/wp\/v2\/pages\/65"}],"wp:attachment":[{"href":"https:\/\/www.hotelrestaurantlesage.com\/en\/wp-json\/wp\/v2\/media?parent=3908"}],"curies":[{"name":"wp","href":"https:\/\/api.w.org\/{rel}","templated":true}]}}