{"id":1790,"date":"2023-09-12T15:57:20","date_gmt":"2023-09-12T13:57:20","guid":{"rendered":"https:\/\/www.hotelrestaurantlesage.com\/?page_id=1790"},"modified":"2025-08-05T14:35:06","modified_gmt":"2025-08-05T12:35:06","slug":"what-to-do-in-sarzeau","status":"publish","type":"page","link":"https:\/\/www.hotelrestaurantlesage.com\/en\/tourisme-quoi-faire-dans-le-morbihan-ancien\/que-faire-a-sarzeau\/","title":{"rendered":"Sarzeau"},"content":{"rendered":"<div data-elementor-type=\"wp-page\" data-elementor-id=\"1790\" class=\"elementor elementor-1790\" data-elementor-post-type=\"page\">\n\t\t\t\t<div class=\"elementor-element elementor-element-5152dd76 e-con-full e-flex e-con e-parent\" data-id=\"5152dd76\" data-element_type=\"container\" id=\"top\" data-settings=\"{&quot;background_background&quot;:&quot;classic&quot;}\">\n\t\t\t\t<div class=\"elementor-element elementor-element-337d6633 elementor-widget elementor-widget-heading\" data-id=\"337d6633\" data-element_type=\"widget\" data-widget_type=\"heading.default\">\n\t\t\t\t<div class=\"elementor-widget-container\">\n\t\t\t\t\t<span class=\"elementor-heading-title elementor-size-default\">Sarzeau<\/span>\t\t\t\t<\/div>\n\t\t\t\t<\/div>\n\t\t\t\t<div class=\"elementor-element elementor-element-3fcae56 elementor-widget elementor-widget-heading\" data-id=\"3fcae56\" data-element_type=\"widget\" data-widget_type=\"heading.default\">\n\t\t\t\t<div class=\"elementor-widget-container\">\n\t\t\t\t\t<h1 class=\"elementor-heading-title elementor-size-default\">What to do in Sarzeau<\/h1>\t\t\t\t<\/div>\n\t\t\t\t<\/div>\n\t\t\t\t<\/div>\n\t\t<div class=\"elementor-element elementor-element-1a17b6c0 e-con-full e-flex e-con e-parent\" data-id=\"1a17b6c0\" data-element_type=\"container\" id=\"first-content\">\n\t\t<div class=\"elementor-element elementor-element-7aec88e9 e-con-full e-flex e-con e-child\" data-id=\"7aec88e9\" data-element_type=\"container\">\n\t\t\t\t<div class=\"elementor-element elementor-element-17d7a66f elementor-widget elementor-widget-heading\" data-id=\"17d7a66f\" data-element_type=\"widget\" data-widget_type=\"heading.default\">\n\t\t\t\t<div class=\"elementor-widget-container\">\n\t\t\t\t\t<h2 class=\"elementor-heading-title elementor-size-default\">Sarzeau, capital of the canton of the Rhuys peninsula<\/h2>\t\t\t\t<\/div>\n\t\t\t\t<\/div>\n\t\t\t\t<div class=\"elementor-element elementor-element-f65d0eb elementor-widget elementor-widget-text-editor\" data-id=\"f65d0eb\" data-element_type=\"widget\" data-widget_type=\"text-editor.default\">\n\t\t\t\t<div class=\"elementor-widget-container\">\n\t\t\t\t\t\t\t\t\t<p>The small town of Sarzeau is bordered to the north by the <strong>Morbihan Gulf<\/strong> and its string of islands, and to the south by the wilder Atlantic coast, with its beaches and rocky points.<\/p><p>A town with a strong marine and oyster-farming identity, Sarzeau has everything you need for a superb holiday in Southern Brittany. You'll be able to take advantage of the exceptional natural surroundings, whether by land or sea, by following the customs officers' trail, observing the 200 species of birds in the <strong>Duer marshes<\/strong>You can take a walk along the many beaches where sailing schools invite you to escape on the waves of the Gulf or the ocean, or go fishing on foot...<\/p><p>\u00a0<\/p><p>You can also explore the many facets of the Rhuys peninsula on the many cycle paths. <strong>From the port of Crouesty<\/strong> at <strong>Suscinio Castle<\/strong>by way of <strong>the salt marshes of St Armel<\/strong>, <strong>the Tour-du-Par oyster beds<\/strong>not forgetting <strong>the abbey church of St-Gildas-de-Rhuys<\/strong>... From Sarzeau town centre, where our hotel is located, you can set off by bike to discover all the treasures of the peninsula.<\/p>\t\t\t\t\t\t\t\t<\/div>\n\t\t\t\t<\/div>\n\t\t\t\t<div class=\"elementor-element elementor-element-a6f9b48 elementor-widget-tablet__width-inherit elementor-widget elementor-widget-image\" data-id=\"a6f9b48\" data-element_type=\"widget\" data-widget_type=\"image.default\">\n\t\t\t\t<div class=\"elementor-widget-container\">\n\t\t\t\t\t\t\t\t\t\t\t\t\t\t\t<img decoding=\"async\" src=\"https:\/\/www.hotelrestaurantlesage.com\/wp-content\/uploads\/2024\/05\/GettyImages-686990334-scaled.jpg\" title=\"\" alt=\"\" loading=\"lazy\">\t\t\t\t\t\t\t\t\t\t\t\t\t\t\t<\/div>\n\t\t\t\t<\/div>\n\t\t\t\t<\/div>\n\t\t<div class=\"elementor-element elementor-element-65eb2804 e-con-full e-flex e-con e-child\" data-id=\"65eb2804\" data-element_type=\"container\">\n\t\t\t\t<div class=\"elementor-element elementor-element-1a75b8ef elementor-widget-tablet__width-inherit elementor-widget elementor-widget-image\" data-id=\"1a75b8ef\" data-element_type=\"widget\" data-widget_type=\"image.default\">\n\t\t\t\t<div class=\"elementor-widget-container\">\n\t\t\t\t\t\t\t\t\t\t\t\t\t\t\t<img fetchpriority=\"high\" decoding=\"async\" width=\"682\" height=\"1024\" src=\"https:\/\/www.hotelrestaurantlesage.com\/wp-content\/uploads\/2024\/05\/GettyImages-172985461-682x1024.jpg\" class=\"attachment-large size-large wp-image-3943\" alt=\"\" srcset=\"https:\/\/www.hotelrestaurantlesage.com\/wp-content\/uploads\/2024\/05\/GettyImages-172985461-682x1024.jpg 682w, https:\/\/www.hotelrestaurantlesage.com\/wp-content\/uploads\/2024\/05\/GettyImages-172985461-200x300.jpg 200w, https:\/\/www.hotelrestaurantlesage.com\/wp-content\/uploads\/2024\/05\/GettyImages-172985461-768x1153.jpg 768w, https:\/\/www.hotelrestaurantlesage.com\/wp-content\/uploads\/2024\/05\/GettyImages-172985461-1023x1536.jpg 1023w, https:\/\/www.hotelrestaurantlesage.com\/wp-content\/uploads\/2024\/05\/GettyImages-172985461-1364x2048.jpg 1364w, https:\/\/www.hotelrestaurantlesage.com\/wp-content\/uploads\/2024\/05\/GettyImages-172985461-8x12.jpg 8w, https:\/\/www.hotelrestaurantlesage.com\/wp-content\/uploads\/2024\/05\/GettyImages-172985461.jpg 1413w\" sizes=\"(max-width: 682px) 100vw, 682px\" title=\"\">\t\t\t\t\t\t\t\t\t\t\t\t\t\t\t<\/div>\n\t\t\t\t<\/div>\n\t\t\t\t<\/div>\n\t\t\t\t<\/div>\n\t\t<div class=\"elementor-element elementor-element-5be878d4 e-flex e-con-boxed e-con e-parent\" data-id=\"5be878d4\" data-element_type=\"container\">\n\t\t\t\t\t<div class=\"e-con-inner\">\n\t\t\t\t<div class=\"elementor-element elementor-element-222503aa elementor-widget elementor-widget-heading\" data-id=\"222503aa\" data-element_type=\"widget\" data-widget_type=\"heading.default\">\n\t\t\t\t<div class=\"elementor-widget-container\">\n\t\t\t\t\t<h2 class=\"elementor-heading-title elementor-size-default\">Discover our other destinations<\/h2>\t\t\t\t<\/div>\n\t\t\t\t<\/div>\n\t\t\t\t<div class=\"elementor-element elementor-element-64e172be elementor-widget-divider--view-line_icon elementor-view-default elementor-widget-divider--element-align-center elementor-widget elementor-widget-global elementor-global-364 elementor-widget-divider\" data-id=\"64e172be\" data-element_type=\"widget\" data-widget_type=\"divider.default\">\n\t\t\t\t<div class=\"elementor-widget-container\">\n\t\t\t\t\t\t\t<div class=\"elementor-divider\">\n\t\t\t<span class=\"elementor-divider-separator\">\n\t\t\t\t\t\t\t<div class=\"elementor-icon elementor-divider__element\">\n\t\t\t\t\t<i aria-hidden=\"true\" class=\"fas fa-dot-circle\"><\/i><\/div>\n\t\t\t\t\t\t<\/span>\n\t\t<\/div>\n\t\t\t\t\t\t<\/div>\n\t\t\t\t<\/div>\n\t\t<div class=\"elementor-element elementor-element-736d1686 e-flex e-con-boxed e-con e-child\" data-id=\"736d1686\" data-element_type=\"container\">\n\t\t\t\t\t<div class=\"e-con-inner\">\n\t\t<div class=\"elementor-element elementor-element-494258a8 e-flex e-con-boxed e-con e-child\" data-id=\"494258a8\" data-element_type=\"container\">\n\t\t\t\t\t<div class=\"e-con-inner\">\n\t\t\t\t<div class=\"elementor-element elementor-element-157bb6b2 animated-slow elementor-invisible elementor-widget elementor-widget-image\" data-id=\"157bb6b2\" data-element_type=\"widget\" data-settings=\"{&quot;_animation&quot;:&quot;fadeIn&quot;,&quot;_animation_delay&quot;:500}\" data-widget_type=\"image.default\">\n\t\t\t\t<div class=\"elementor-widget-container\">\n\t\t\t\t\t\t\t\t\t\t\t\t\t\t\t\t<a href=\"#\">\n\t\t\t\t\t\t\t<img decoding=\"async\" width=\"2560\" height=\"1709\" src=\"https:\/\/www.hotelrestaurantlesage.com\/wp-content\/uploads\/2024\/05\/GettyImages-1465495575-1-scaled.jpg\" class=\"elementor-animation-sink attachment-full size-full wp-image-3889\" alt=\"\" srcset=\"https:\/\/www.hotelrestaurantlesage.com\/wp-content\/uploads\/2024\/05\/GettyImages-1465495575-1-scaled.jpg 2560w, https:\/\/www.hotelrestaurantlesage.com\/wp-content\/uploads\/2024\/05\/GettyImages-1465495575-1-300x200.jpg 300w, https:\/\/www.hotelrestaurantlesage.com\/wp-content\/uploads\/2024\/05\/GettyImages-1465495575-1-1024x684.jpg 1024w, https:\/\/www.hotelrestaurantlesage.com\/wp-content\/uploads\/2024\/05\/GettyImages-1465495575-1-768x513.jpg 768w, https:\/\/www.hotelrestaurantlesage.com\/wp-content\/uploads\/2024\/05\/GettyImages-1465495575-1-1536x1025.jpg 1536w, https:\/\/www.hotelrestaurantlesage.com\/wp-content\/uploads\/2024\/05\/GettyImages-1465495575-1-2048x1367.jpg 2048w, https:\/\/www.hotelrestaurantlesage.com\/wp-content\/uploads\/2024\/05\/GettyImages-1465495575-1-18x12.jpg 18w\" sizes=\"(max-width: 2560px) 100vw, 2560px\" title=\"\">\t\t\t\t\t\t\t\t<\/a>\n\t\t\t\t\t\t\t\t\t\t\t\t\t\t\t<\/div>\n\t\t\t\t<\/div>\n\t\t<div class=\"elementor-element elementor-element-782157c1 e-flex e-con-boxed e-con e-child\" data-id=\"782157c1\" data-element_type=\"container\" data-settings=\"{&quot;background_background&quot;:&quot;classic&quot;}\">\n\t\t\t\t\t<div class=\"e-con-inner\">\n\t\t<div class=\"elementor-element elementor-element-708b773e e-flex e-con-boxed e-con e-child\" data-id=\"708b773e\" data-element_type=\"container\" data-settings=\"{&quot;background_background&quot;:&quot;classic&quot;}\">\n\t\t\t\t\t<div class=\"e-con-inner\">\n\t\t\t\t<div class=\"elementor-element elementor-element-1d4f5f92 elementor-widget elementor-widget-heading\" data-id=\"1d4f5f92\" data-element_type=\"widget\" data-widget_type=\"heading.default\">\n\t\t\t\t<div class=\"elementor-widget-container\">\n\t\t\t\t\t<h3 class=\"elementor-heading-title elementor-size-default\">Valves<\/h3>\t\t\t\t<\/div>\n\t\t\t\t<\/div>\n\t\t\t\t<div class=\"elementor-element elementor-element-44f1ac97 elementor-align-center elementor-widget elementor-widget-button\" data-id=\"44f1ac97\" data-element_type=\"widget\" data-widget_type=\"button.default\">\n\t\t\t\t<div class=\"elementor-widget-container\">\n\t\t\t\t\t\t\t\t\t<div class=\"elementor-button-wrapper\">\n\t\t\t\t\t<a class=\"elementor-button elementor-button-link elementor-size-sm\" href=\"https:\/\/www.hotelrestaurantlesage.com\/en\/tourisme-quoi-faire-dans-le-morbihan-ancien\/que-faire-a-vannes\/\">\n\t\t\t\t\t\t<span class=\"elementor-button-content-wrapper\">\n\t\t\t\t\t\t\t\t\t<span class=\"elementor-button-text\">See more<\/span>\n\t\t\t\t\t<\/span>\n\t\t\t\t\t<\/a>\n\t\t\t\t<\/div>\n\t\t\t\t\t\t\t\t<\/div>\n\t\t\t\t<\/div>\n\t\t\t\t\t<\/div>\n\t\t\t\t<\/div>\n\t\t\t\t\t<\/div>\n\t\t\t\t<\/div>\n\t\t\t\t\t<\/div>\n\t\t\t\t<\/div>\n\t\t<div class=\"elementor-element elementor-element-1eb24f56 e-flex e-con-boxed e-con e-child\" data-id=\"1eb24f56\" data-element_type=\"container\">\n\t\t\t\t\t<div class=\"e-con-inner\">\n\t\t\t\t<div class=\"elementor-element elementor-element-675abd2d animated-slow elementor-invisible elementor-widget elementor-widget-image\" data-id=\"675abd2d\" data-element_type=\"widget\" data-settings=\"{&quot;_animation&quot;:&quot;fadeIn&quot;,&quot;_animation_delay&quot;:500}\" data-widget_type=\"image.default\">\n\t\t\t\t<div class=\"elementor-widget-container\">\n\t\t\t\t\t\t\t\t\t\t\t\t\t\t\t\t<a href=\"#\">\n\t\t\t\t\t\t\t<img decoding=\"async\" width=\"2560\" height=\"1477\" src=\"https:\/\/www.hotelrestaurantlesage.com\/wp-content\/uploads\/2024\/05\/GettyImages-1632890769-scaled.jpg\" class=\"elementor-animation-sink attachment-full size-full wp-image-3886\" alt=\"\" srcset=\"https:\/\/www.hotelrestaurantlesage.com\/wp-content\/uploads\/2024\/05\/GettyImages-1632890769-scaled.jpg 2560w, https:\/\/www.hotelrestaurantlesage.com\/wp-content\/uploads\/2024\/05\/GettyImages-1632890769-300x173.jpg 300w, https:\/\/www.hotelrestaurantlesage.com\/wp-content\/uploads\/2024\/05\/GettyImages-1632890769-1024x591.jpg 1024w, https:\/\/www.hotelrestaurantlesage.com\/wp-content\/uploads\/2024\/05\/GettyImages-1632890769-768x443.jpg 768w, https:\/\/www.hotelrestaurantlesage.com\/wp-content\/uploads\/2024\/05\/GettyImages-1632890769-1536x886.jpg 1536w, https:\/\/www.hotelrestaurantlesage.com\/wp-content\/uploads\/2024\/05\/GettyImages-1632890769-2048x1181.jpg 2048w, https:\/\/www.hotelrestaurantlesage.com\/wp-content\/uploads\/2024\/05\/GettyImages-1632890769-18x10.jpg 18w\" sizes=\"(max-width: 2560px) 100vw, 2560px\" title=\"\">\t\t\t\t\t\t\t\t<\/a>\n\t\t\t\t\t\t\t\t\t\t\t\t\t\t\t<\/div>\n\t\t\t\t<\/div>\n\t\t<div class=\"elementor-element elementor-element-54f72940 e-flex e-con-boxed e-con e-child\" data-id=\"54f72940\" data-element_type=\"container\" data-settings=\"{&quot;background_background&quot;:&quot;classic&quot;}\">\n\t\t\t\t\t<div class=\"e-con-inner\">\n\t\t<div class=\"elementor-element elementor-element-333354d e-flex e-con-boxed e-con e-child\" data-id=\"333354d\" data-element_type=\"container\" data-settings=\"{&quot;background_background&quot;:&quot;classic&quot;}\">\n\t\t\t\t\t<div class=\"e-con-inner\">\n\t\t\t\t<div class=\"elementor-element elementor-element-398e40d elementor-widget elementor-widget-heading\" data-id=\"398e40d\" data-element_type=\"widget\" data-widget_type=\"heading.default\">\n\t\t\t\t<div class=\"elementor-widget-container\">\n\t\t\t\t\t<h3 class=\"elementor-heading-title elementor-size-default\">Rhuys peninsula <br>\n&amp; Port-Navalo<\/h3>\t\t\t\t<\/div>\n\t\t\t\t<\/div>\n\t\t\t\t<div class=\"elementor-element elementor-element-1cedb533 elementor-align-center elementor-widget elementor-widget-button\" data-id=\"1cedb533\" data-element_type=\"widget\" data-widget_type=\"button.default\">\n\t\t\t\t<div class=\"elementor-widget-container\">\n\t\t\t\t\t\t\t\t\t<div class=\"elementor-button-wrapper\">\n\t\t\t\t\t<a class=\"elementor-button elementor-button-link elementor-size-sm\" href=\"https:\/\/www.hotelrestaurantlesage.com\/en\/tourisme-quoi-faire-dans-le-morbihan-ancien\/presquile-de-rhuys-port-navalo\/\">\n\t\t\t\t\t\t<span class=\"elementor-button-content-wrapper\">\n\t\t\t\t\t\t\t\t\t<span class=\"elementor-button-text\">See more<\/span>\n\t\t\t\t\t<\/span>\n\t\t\t\t\t<\/a>\n\t\t\t\t<\/div>\n\t\t\t\t\t\t\t\t<\/div>\n\t\t\t\t<\/div>\n\t\t\t\t\t<\/div>\n\t\t\t\t<\/div>\n\t\t\t\t\t<\/div>\n\t\t\t\t<\/div>\n\t\t\t\t\t<\/div>\n\t\t\t\t<\/div>\n\t\t<div class=\"elementor-element elementor-element-6e89e86 e-flex e-con-boxed e-con e-child\" data-id=\"6e89e86\" data-element_type=\"container\">\n\t\t\t\t\t<div class=\"e-con-inner\">\n\t\t\t\t<div class=\"elementor-element elementor-element-3594b02e animated-slow elementor-invisible elementor-widget elementor-widget-image\" data-id=\"3594b02e\" data-element_type=\"widget\" data-settings=\"{&quot;_animation&quot;:&quot;fadeIn&quot;,&quot;_animation_delay&quot;:500}\" data-widget_type=\"image.default\">\n\t\t\t\t<div class=\"elementor-widget-container\">\n\t\t\t\t\t\t\t\t\t\t\t\t\t\t\t\t<a href=\"#\">\n\t\t\t\t\t\t\t<img loading=\"lazy\" decoding=\"async\" width=\"2119\" height=\"1415\" src=\"https:\/\/www.hotelrestaurantlesage.com\/wp-content\/uploads\/2024\/05\/GettyImages-820533960.jpg\" class=\"elementor-animation-sink attachment-full size-full wp-image-4257\" alt=\"\" srcset=\"https:\/\/www.hotelrestaurantlesage.com\/wp-content\/uploads\/2024\/05\/GettyImages-820533960.jpg 2119w, https:\/\/www.hotelrestaurantlesage.com\/wp-content\/uploads\/2024\/05\/GettyImages-820533960-300x200.jpg 300w, https:\/\/www.hotelrestaurantlesage.com\/wp-content\/uploads\/2024\/05\/GettyImages-820533960-1024x684.jpg 1024w, https:\/\/www.hotelrestaurantlesage.com\/wp-content\/uploads\/2024\/05\/GettyImages-820533960-768x513.jpg 768w, https:\/\/www.hotelrestaurantlesage.com\/wp-content\/uploads\/2024\/05\/GettyImages-820533960-1536x1026.jpg 1536w, https:\/\/www.hotelrestaurantlesage.com\/wp-content\/uploads\/2024\/05\/GettyImages-820533960-2048x1368.jpg 2048w, https:\/\/www.hotelrestaurantlesage.com\/wp-content\/uploads\/2024\/05\/GettyImages-820533960-18x12.jpg 18w\" sizes=\"(max-width: 2119px) 100vw, 2119px\" title=\"\">\t\t\t\t\t\t\t\t<\/a>\n\t\t\t\t\t\t\t\t\t\t\t\t\t\t\t<\/div>\n\t\t\t\t<\/div>\n\t\t<div class=\"elementor-element elementor-element-6a1db972 e-flex e-con-boxed e-con e-child\" data-id=\"6a1db972\" data-element_type=\"container\" data-settings=\"{&quot;background_background&quot;:&quot;classic&quot;}\">\n\t\t\t\t\t<div class=\"e-con-inner\">\n\t\t<div class=\"elementor-element elementor-element-d3c625a e-flex e-con-boxed e-con e-child\" data-id=\"d3c625a\" data-element_type=\"container\" data-settings=\"{&quot;background_background&quot;:&quot;classic&quot;}\">\n\t\t\t\t\t<div class=\"e-con-inner\">\n\t\t\t\t<div class=\"elementor-element elementor-element-6e36d4e9 elementor-widget elementor-widget-heading\" data-id=\"6e36d4e9\" data-element_type=\"widget\" data-widget_type=\"heading.default\">\n\t\t\t\t<div class=\"elementor-widget-container\">\n\t\t\t\t\t<h3 class=\"elementor-heading-title elementor-size-default\">Islands of Quiberon Bay<\/h3>\t\t\t\t<\/div>\n\t\t\t\t<\/div>\n\t\t\t\t<div class=\"elementor-element elementor-element-13ca8a62 elementor-align-center elementor-widget elementor-widget-button\" data-id=\"13ca8a62\" data-element_type=\"widget\" data-widget_type=\"button.default\">\n\t\t\t\t<div class=\"elementor-widget-container\">\n\t\t\t\t\t\t\t\t\t<div class=\"elementor-button-wrapper\">\n\t\t\t\t\t<a class=\"elementor-button elementor-button-link elementor-size-sm\" href=\"https:\/\/www.hotelrestaurantlesage.com\/en\/tourisme-quoi-faire-dans-le-morbihan-ancien\/iles-de-la-baie-de-quiberon\/\">\n\t\t\t\t\t\t<span class=\"elementor-button-content-wrapper\">\n\t\t\t\t\t\t\t\t\t<span class=\"elementor-button-text\">See more<\/span>\n\t\t\t\t\t<\/span>\n\t\t\t\t\t<\/a>\n\t\t\t\t<\/div>\n\t\t\t\t\t\t\t\t<\/div>\n\t\t\t\t<\/div>\n\t\t\t\t\t<\/div>\n\t\t\t\t<\/div>\n\t\t\t\t\t<\/div>\n\t\t\t\t<\/div>\n\t\t\t\t\t<\/div>\n\t\t\t\t<\/div>\n\t\t\t\t\t<\/div>\n\t\t\t\t<\/div>\n\t\t\t\t\t<\/div>\n\t\t\t\t<\/div>\n\t\t\t\t<\/div>","protected":false},"excerpt":{"rendered":"<p>Que faire \u00e0 Sarzeau ? Sarzeau, chef-lieu du canton de la presqu\u2019\u00eele de Rhuys La petite cit\u00e9 de Sarzeau est bord\u00e9e au nord par le Golfe du Morbihan et son chapelet d\u2019\u00eeles et au sud par la c\u00f4te Atlantique, plus sauvage, entre plages et pointes rocheuses. Commune \u00e0 forte identit\u00e9 marine et ostr\u00e9icole, Sarzeau offre [&hellip;]<\/p>\n","protected":false},"author":13,"featured_media":0,"parent":65,"menu_order":0,"comment_status":"closed","ping_status":"closed","template":"","meta":{"_acf_changed":false,"inline_featured_image":false,"footnotes":""},"class_list":["post-1790","page","type-page","status-publish","hentry"],"acf":[],"_links":{"self":[{"href":"https:\/\/www.hotelrestaurantlesage.com\/en\/wp-json\/wp\/v2\/pages\/1790","targetHints":{"allow":["GET"]}}],"collection":[{"href":"https:\/\/www.hotelrestaurantlesage.com\/en\/wp-json\/wp\/v2\/pages"}],"about":[{"href":"https:\/\/www.hotelrestaurantlesage.com\/en\/wp-json\/wp\/v2\/types\/page"}],"author":[{"embeddable":true,"href":"https:\/\/www.hotelrestaurantlesage.com\/en\/wp-json\/wp\/v2\/users\/13"}],"replies":[{"embeddable":true,"href":"https:\/\/www.hotelrestaurantlesage.com\/en\/wp-json\/wp\/v2\/comments?post=1790"}],"version-history":[{"count":72,"href":"https:\/\/www.hotelrestaurantlesage.com\/en\/wp-json\/wp\/v2\/pages\/1790\/revisions"}],"predecessor-version":[{"id":5157,"href":"https:\/\/www.hotelrestaurantlesage.com\/en\/wp-json\/wp\/v2\/pages\/1790\/revisions\/5157"}],"up":[{"embeddable":true,"href":"https:\/\/www.hotelrestaurantlesage.com\/en\/wp-json\/wp\/v2\/pages\/65"}],"wp:attachment":[{"href":"https:\/\/www.hotelrestaurantlesage.com\/en\/wp-json\/wp\/v2\/media?parent=1790"}],"curies":[{"name":"wp","href":"https:\/\/api.w.org\/{rel}","templated":true}]}}